{"id":104,"date":"2011-10-23T10:34:03","date_gmt":"2011-10-23T10:34:03","guid":{"rendered":"http:\/\/www.cocreationcamp.com\/cocreation\/?page_id=104"},"modified":"2011-10-23T10:34:03","modified_gmt":"2011-10-23T10:34:03","slug":"petavy","status":"publish","type":"page","link":"https:\/\/www.cocreationcamp.com\/cocreation\/ccc\/2011-ccc\/brussels\/contributors\/petavy\/","title":{"rendered":"Petavy"},"content":{"rendered":"<p>Fran\u00e7ois P\u00e9tavy is CEO of eYeka, the global leader in online co-creation. Fran\u00e7ois has been focusing on the convergence between technology, marketing and content for more than 15 years. Before joining eYeka early 2008, he was a Director at eBay, in charge of developing the French marketplace on new areas of business. Fran\u00e7ois&#8217; past positions also include being a Producer at Ubi Soft (a video game publisher), and VP Project Management for AGENCY.COM:Paris (a digital agency). Fran\u00e7ois P\u00e9tavy graduated from Ecole Polytechnique and Telecom ParisTech, and holds an MBA from INSEAD.<\/p>\n","protected":false},"excerpt":{"rendered":"<p>Fran\u00e7ois P\u00e9tavy is CEO of eYeka, the global leader in online co-creation. Fran\u00e7ois has been focusing on the convergence between technology, marketing and content for more than 15 years. Before joining eYeka early 2008, he was a Director at eBay, &hellip;<\/p>\n<p class=\"read-more\"> <a class=\"more-link\" href=\"https:\/\/www.cocreationcamp.com\/cocreation\/ccc\/2011-ccc\/brussels\/contributors\/petavy\/\"> <span class=\"screen-reader-text\">Petavy<\/span> Read More &raquo;<\/a><\/p>\n","protected":false},"author":1,"featured_media":0,"parent":51,"menu_order":0,"comment_status":"closed","ping_status":"closed","template":"","meta":{"footnotes":""},"class_list":["post-104","page","type-page","status-publish","hentry"],"_links":{"self":[{"href":"https:\/\/www.cocreationcamp.com\/cocreation\/wp-json\/wp\/v2\/pages\/104","targetHints":{"allow":["GET"]}}],"collection":[{"href":"https:\/\/www.cocreationcamp.com\/cocreation\/wp-json\/wp\/v2\/pages"}],"about":[{"href":"https:\/\/www.cocreationcamp.com\/cocreation\/wp-json\/wp\/v2\/types\/page"}],"author":[{"embeddable":true,"href":"https:\/\/www.cocreationcamp.com\/cocreation\/wp-json\/wp\/v2\/users\/1"}],"replies":[{"embeddable":true,"href":"https:\/\/www.cocreationcamp.com\/cocreation\/wp-json\/wp\/v2\/comments?post=104"}],"version-history":[{"count":0,"href":"https:\/\/www.cocreationcamp.com\/cocreation\/wp-json\/wp\/v2\/pages\/104\/revisions"}],"up":[{"embeddable":true,"href":"https:\/\/www.cocreationcamp.com\/cocreation\/wp-json\/wp\/v2\/pages\/51"}],"wp:attachment":[{"href":"https:\/\/www.cocreationcamp.com\/cocreation\/wp-json\/wp\/v2\/media?parent=104"}],"curies":[{"name":"wp","href":"https:\/\/api.w.org\/{rel}","templated":true}]}}