{"id":1134,"date":"2023-06-08T06:23:10","date_gmt":"2023-06-08T06:23:10","guid":{"rendered":"https:\/\/www.cocreationcamp.com\/cocreation\/?page_id=1134"},"modified":"2023-08-02T07:04:02","modified_gmt":"2023-08-02T07:04:02","slug":"gouter","status":"publish","type":"page","link":"https:\/\/www.cocreationcamp.com\/cocreation\/food-systems\/gouter\/","title":{"rendered":"Go\u00fbter"},"content":{"rendered":"\n<p><strong>Cooking stories. Eating stories.<\/strong><\/p>\n\n\n\n<p>There is \u201cgo\u00fbter\u201d the verb, tasting or to taste; and there is \u201cgo\u00fbter\u201d the name, for the activity of having a light 4-5pm eating experience, like coffee and chocolate, or chai and biskut, or latte and tarte, or something you wanna share with us, in an <em>Aperitivo<\/em> early evening or&nbsp;<em>dans un go\u00fbter<\/em>. And there is \u201cgo\u00fbt\u201d for taste (as a name). We will explore the tastes and we will taste the futures of food systems, foodscape and foodware.<\/p>\n\n\n\n<p>We favour narrative and interactive moments, where discoveries,&nbsp;<em>d\u00e9gustations<\/em> and discussions are shaping the conversations and savoring the ambiances. Join the flavours of conversations and interactions around books, stories and delicacies.<\/p>\n\n\n\n<p><em>The&nbsp;<strong>Go\u00fbter<\/strong>&nbsp;Aperitivo Meetups take place in English or in French or any other language, depending on the place and the contributors.<\/em><\/p>\n\n\n\n<p><strong>Entre mets et mots. Entre savoirs et saveurs.<\/strong><\/p>\n\n\n\n<p>Il y a \u201cgo\u00fbter\u201d le verbe et \u201cgo\u00fbter\u201d le mot. Entre l\u2019action et le ressenti, les impressions et les expressions sont multiples. Les rencontres&nbsp;<strong>Go\u00fbter<\/strong>&nbsp;font dialoguer des ouvrages, des livres, des films, des histoires avec des plats, des ingr\u00e9dients, des recettes. Ces moments narratifs et gustatifs provoquent discussions et r\u00e9flexions sur nos pratiques alimentaires et nos plaisirs gastronomiques.&nbsp;<\/p>\n\n\n\n<p>Histoires de manger. Histoires de faire \u00e0 manger. Histoires de partager \u00e0 manger.<\/p>\n\n\n\n<p><em>Les Rencontres&nbsp;<strong>Go\u00fbter<\/strong> Aperitivo&nbsp;se tiennent en fran\u00e7ais ou en anglais ou dans d&#8217;autres langues, en fonction du lieu et des contributions.<\/em><\/p>\n\n\n\n<figure class=\"wp-block-image size-large\"><img loading=\"lazy\" decoding=\"async\" width=\"1024\" height=\"1024\" src=\"https:\/\/www.cocreationcamp.com\/cocreation\/wp-content\/uploads\/2023\/06\/cCc_1280-1280-72-GA--1024x1024.png\" alt=\"\" class=\"wp-image-1178\" srcset=\"https:\/\/www.cocreationcamp.com\/cocreation\/wp-content\/uploads\/2023\/06\/cCc_1280-1280-72-GA--1024x1024.png 1024w, https:\/\/www.cocreationcamp.com\/cocreation\/wp-content\/uploads\/2023\/06\/cCc_1280-1280-72-GA--300x300.png 300w, https:\/\/www.cocreationcamp.com\/cocreation\/wp-content\/uploads\/2023\/06\/cCc_1280-1280-72-GA--150x150.png 150w, https:\/\/www.cocreationcamp.com\/cocreation\/wp-content\/uploads\/2023\/06\/cCc_1280-1280-72-GA--768x768.png 768w, https:\/\/www.cocreationcamp.com\/cocreation\/wp-content\/uploads\/2023\/06\/cCc_1280-1280-72-GA--1536x1536.png 1536w, https:\/\/www.cocreationcamp.com\/cocreation\/wp-content\/uploads\/2023\/06\/cCc_1280-1280-72-GA--2048x2048.png 2048w, https:\/\/www.cocreationcamp.com\/cocreation\/wp-content\/uploads\/2023\/06\/cCc_1280-1280-72-GA--100x100.png 100w, https:\/\/www.cocreationcamp.com\/cocreation\/wp-content\/uploads\/2023\/06\/cCc_1280-1280-72-GA--200x200.png 200w, https:\/\/www.cocreationcamp.com\/cocreation\/wp-content\/uploads\/2023\/06\/cCc_1280-1280-72-GA--450x450.png 450w, https:\/\/www.cocreationcamp.com\/cocreation\/wp-content\/uploads\/2023\/06\/cCc_1280-1280-72-GA--600x600.png 600w, https:\/\/www.cocreationcamp.com\/cocreation\/wp-content\/uploads\/2023\/06\/cCc_1280-1280-72-GA--900x900.png 900w\" sizes=\"auto, (max-width: 1024px) 100vw, 1024px\" \/><\/figure>\n\n\n\n<p> <\/p>\n\n\n\n<p><em>AN EXAMPLE OF MEETING FORMAT IN PREPARATION ~ STAY TUNED<\/em> via <a href=\"https:\/\/www.klabfab.info\/next\/\">www.klabfab.info\/next\/<\/a><\/p>\n\n\n\n<p>Go\u00fbter ~ Aperitivo ~ Snack ~ Tea time ~ Chai &amp; Biskut ~ Caf\u00e9 &amp; Tarte ~ Granita e Brioche<\/p>\n\n\n\n<p>The <strong>Go\u00fbter Aperitivo Meetup<\/strong> is mixing narrative moments and gustative experiences with the 3x3x3 format related to food &amp; beverages &amp; agri industries in intersection with cultural and creative sectors:<\/p>\n\n\n\n<ul class=\"wp-block-list\">\n<li>3 inspiring stories to reflect on<\/li>\n\n\n\n<li>3 entrepreneurial pitches to support<\/li>\n\n\n\n<li>3 tasting surprises to discover<\/li>\n<\/ul>\n\n\n\n<p>It is followed by networking and conversations.<\/p>\n\n\n\n<p>Le <strong>Go\u00fbter Aperitivo Meetup<\/strong> m\u00eale des moments narratifs et gustatifs avec un format 3x3x3 reliant des th\u00e8mes des industries du &#8220;manger &amp; boire &amp; agri&#8221; en intersection avec les secteurs culturels et cr\u00e9atifs:<\/p>\n\n\n\n<ul class=\"wp-block-list\">\n<li>3 histoires inspirantes<\/li>\n\n\n\n<li>3 pitches entrepreneuriaux<\/li>\n\n\n\n<li>3 surprises gustatives<\/li>\n<\/ul>\n\n\n\n<p>Ce sera suivi par du r\u00e9seautage et des conversations.<\/p>\n","protected":false},"excerpt":{"rendered":"<p>Cooking stories. Eating stories. There is \u201cgo\u00fbter\u201d the verb, tasting or to taste; and there is \u201cgo\u00fbter\u201d the name, for the activity of having a light 4-5pm eating experience, like coffee and chocolate, or chai and biskut, or latte and &hellip;<\/p>\n<p class=\"read-more\"> <a class=\"more-link\" href=\"https:\/\/www.cocreationcamp.com\/cocreation\/food-systems\/gouter\/\"> <span class=\"screen-reader-text\">Go\u00fbter<\/span> Read More &raquo;<\/a><\/p>\n","protected":false},"author":2,"featured_media":0,"parent":774,"menu_order":0,"comment_status":"closed","ping_status":"closed","template":"","meta":{"footnotes":""},"class_list":["post-1134","page","type-page","status-publish","hentry"],"_links":{"self":[{"href":"https:\/\/www.cocreationcamp.com\/cocreation\/wp-json\/wp\/v2\/pages\/1134","targetHints":{"allow":["GET"]}}],"collection":[{"href":"https:\/\/www.cocreationcamp.com\/cocreation\/wp-json\/wp\/v2\/pages"}],"about":[{"href":"https:\/\/www.cocreationcamp.com\/cocreation\/wp-json\/wp\/v2\/types\/page"}],"author":[{"embeddable":true,"href":"https:\/\/www.cocreationcamp.com\/cocreation\/wp-json\/wp\/v2\/users\/2"}],"replies":[{"embeddable":true,"href":"https:\/\/www.cocreationcamp.com\/cocreation\/wp-json\/wp\/v2\/comments?post=1134"}],"version-history":[{"count":32,"href":"https:\/\/www.cocreationcamp.com\/cocreation\/wp-json\/wp\/v2\/pages\/1134\/revisions"}],"predecessor-version":[{"id":1287,"href":"https:\/\/www.cocreationcamp.com\/cocreation\/wp-json\/wp\/v2\/pages\/1134\/revisions\/1287"}],"up":[{"embeddable":true,"href":"https:\/\/www.cocreationcamp.com\/cocreation\/wp-json\/wp\/v2\/pages\/774"}],"wp:attachment":[{"href":"https:\/\/www.cocreationcamp.com\/cocreation\/wp-json\/wp\/v2\/media?parent=1134"}],"curies":[{"name":"wp","href":"https:\/\/api.w.org\/{rel}","templated":true}]}}