{"id":14,"date":"2011-08-20T13:21:38","date_gmt":"2011-08-20T13:21:38","guid":{"rendered":"http:\/\/www.cocreationcamp.com\/cocreation\/?page_id=14"},"modified":"2011-08-20T13:21:38","modified_gmt":"2011-08-20T13:21:38","slug":"partners","status":"publish","type":"page","link":"https:\/\/www.cocreationcamp.com\/cocreation\/ccc\/2011-ccc\/brussels\/partners\/","title":{"rendered":"partners"},"content":{"rendered":"<p>coCreationcamp has a series of events-related partners and is building a scheme for structural partnership in 2012.<\/p>\n<blockquote><p><strong>Brussels coCreationcamp 2011<\/strong><\/p>\n<p><em>Supporting Partners\u00a0<\/em><\/p>\n<ul>\n<li>CBS &#8211; Copenhagen Business School \/ CCLIFM<\/li>\n<li>Belgian Social Security Federal Public Services<\/li>\n<\/ul>\n<p><em>Media Partners<\/em><\/p>\n<ul>\n<li>Press Club Brussels Europe<\/li>\n<li>Peoplesphere<\/li>\n<li>RichCast<\/li>\n<\/ul>\n<p><em>Platform Partner<\/em><\/p>\n<ul>\n<li>Podio<\/li>\n<\/ul>\n<p><em>Venue Partners<\/em><\/p>\n<ul>\n<li>The Egg<\/li>\n<li>Pacheco<\/li>\n<\/ul>\n<p><em>Outreach Partners<\/em><\/p>\n<ul>\n<li>La Chaire de cr\u00e9ation et cr\u00e9ativit\u00e9<\/li>\n<li>IxDA Brussels<\/li>\n<li>PechaKucha Brussels<\/li>\n<li>The Hub Brussels<\/li>\n<li>WBDM &#8211; Wallonie-Bruxelles Design Mode<\/li>\n<\/ul>\n<\/blockquote>\n<p>We thank all the partners allowing to have this first edition of coCreationcamp in Brussels. We are setting structural partnerships plan and sponsorship packages for the next series to take place in Helsinki (May 2012), Copenhagen (June 2012), Brussels (Oct. 2012), &#8230; and more to come.<\/p>\n<p>Do get in touch and join the conversation to exchange knowledge about co-creation, open innovation and distributed creativity.<\/p>\n","protected":false},"excerpt":{"rendered":"<p>coCreationcamp has a series of events-related partners and is building a scheme for structural partnership in 2012. Brussels coCreationcamp 2011 Supporting Partners\u00a0 CBS &#8211; Copenhagen Business School \/ CCLIFM Belgian Social Security Federal Public Services Media Partners Press Club Brussels &hellip;<\/p>\n<p class=\"read-more\"> <a class=\"more-link\" href=\"https:\/\/www.cocreationcamp.com\/cocreation\/ccc\/2011-ccc\/brussels\/partners\/\"> <span class=\"screen-reader-text\">partners<\/span> Read More &raquo;<\/a><\/p>\n","protected":false},"author":1,"featured_media":0,"parent":40,"menu_order":8,"comment_status":"closed","ping_status":"closed","template":"","meta":{"footnotes":""},"class_list":["post-14","page","type-page","status-publish","hentry"],"_links":{"self":[{"href":"https:\/\/www.cocreationcamp.com\/cocreation\/wp-json\/wp\/v2\/pages\/14","targetHints":{"allow":["GET"]}}],"collection":[{"href":"https:\/\/www.cocreationcamp.com\/cocreation\/wp-json\/wp\/v2\/pages"}],"about":[{"href":"https:\/\/www.cocreationcamp.com\/cocreation\/wp-json\/wp\/v2\/types\/page"}],"author":[{"embeddable":true,"href":"https:\/\/www.cocreationcamp.com\/cocreation\/wp-json\/wp\/v2\/users\/1"}],"replies":[{"embeddable":true,"href":"https:\/\/www.cocreationcamp.com\/cocreation\/wp-json\/wp\/v2\/comments?post=14"}],"version-history":[{"count":0,"href":"https:\/\/www.cocreationcamp.com\/cocreation\/wp-json\/wp\/v2\/pages\/14\/revisions"}],"up":[{"embeddable":true,"href":"https:\/\/www.cocreationcamp.com\/cocreation\/wp-json\/wp\/v2\/pages\/40"}],"wp:attachment":[{"href":"https:\/\/www.cocreationcamp.com\/cocreation\/wp-json\/wp\/v2\/media?parent=14"}],"curies":[{"name":"wp","href":"https:\/\/api.w.org\/{rel}","templated":true}]}}