{"id":417,"date":"2012-10-30T13:38:14","date_gmt":"2012-10-30T13:38:14","guid":{"rendered":"http:\/\/www.cocreationcamp.com\/cocreation\/?page_id=417"},"modified":"2012-10-30T13:38:14","modified_gmt":"2012-10-30T13:38:14","slug":"id-camp","status":"publish","type":"page","link":"https:\/\/www.cocreationcamp.com\/cocreation\/ccc\/2012-ccc\/creative-wallonia\/id-camp\/","title":{"rendered":"ID CAMP"},"content":{"rendered":"<p>Le coCreationcamp Creative Wallonia est une journ\u00e9e mise en oeuvre dans le cadre de ID CAMP. Les inscriptions au coCreationcamp du 14 nov. 2012 se font via le <a title=\"ID CAMPUS\" href=\"http:\/\/www.idcampus.be\" target=\"_blank\">site web de ID CAMPUS<\/a>.<\/p>\n<p>Dans la foul\u00e9e de l&#8217;Ecole d&#8217;Automne en Management de la Cr\u00e9ativit\u00e9 de Strasbourg et dans le cadre de la Semaine de la Creativit\u00e9 wallonne, l&#8217;ID CAMP vise \u00e0 proposer au participant un temps et un espace en dehors de son environnement habituel, dans une programmation qui s&#8217;\u00e9quilibre entre th\u00e9orie de la cr\u00e9ativit\u00e9, d\u00e9couverte de la Wallonie cr\u00e9ative et pratique cr\u00e9ative.<\/p>\n<p>L&#8217;ID CAMP poursuit deux objectifs principaux\u00a0: d&#8217;une part rencontrer un r\u00e9seau de personnes curieuses de ce nouveau buzzword qu&#8217;est la cr\u00e9ativit\u00e9, et d&#8217;autre par, d\u00e9couvrir son potentiel cr\u00e9atif ainsi que la force du collecif transdisciplinaire pour la cr\u00e9ativit\u00e9, avec l&#8217;ambition de ramener ces apprentissages dans votre vie professionnelle.<\/p>\n<p>Le s\u00e9minaire se base sur trois approches diff\u00e9rentes permettant de<\/p>\n<ul>\n<li>sensibiliser et familiariser les participants avec les concepts d&#8217;\u00e9conomie cr\u00e9ative, de pratiques et de processus d&#8217;innovation,<\/li>\n<li>d\u00e9couvrir des lieux inspirants, innovants de Wallonie de mani\u00e8re active,<\/li>\n<li>mettre en \u0153uvre des m\u00e9thodes cr\u00e9atives par la pratique.<\/li>\n<\/ul>\n<p><img loading=\"lazy\" decoding=\"async\" class=\"alignnone\" title=\"ID CAMP\" src=\"http:\/\/www.cocreationcamp.com\/data\/IDCAMPtop.jpg\" alt=\"\" width=\"1026\" height=\"525\" \/><\/p>\n<h3>\u00c0 PROPOS D&#8217;ID CAMPUS<\/h3>\n<p>La plateforme ID CAMPUS est un dispositif de l&#8217;Universit\u00e9 de Li\u00e8ge soutenu par le programme Creative Wallonia.<\/p>\n<p>Elle a pour ambition de stimuler l&#8217;\u00e9mergence d&#8217;une soci\u00e9t\u00e9 cr\u00e9ative \u00e0 l&#8217;\u00e9chelle de son territoire et plus particuli\u00e8rement:<\/p>\n<ul>\n<li>d&#8217;offrir des solutions d&#8217;innovation \u00e0 des entreprises ou organisations actives dans tous les secteurs (commerciaux, sociaux, artistiques, culturels, sportifs, associatifs, collectifs, etc);<\/li>\n<li>d&#8217;innover dans la formation des \u00e9tudiants par l&#8217;acquisition de comp\u00e9tences nouvelles li\u00e9es \u00e0 la cr\u00e9ativit\u00e9 et la transdisciplinarit\u00e9 et par la r\u00e9alisation de projets r\u00e9els et concrets;<\/li>\n<li>d&#8217;\u00eatre un laboratoire permanent pour la cr\u00e9ativit\u00e9 et la transdisciplinarit\u00e9 ;<\/li>\n<li>de d\u00e9cloisonner la soci\u00e9t\u00e9, particuli\u00e8rement dans ses composantes culturelles, \u00e9conomiques ou technologiques, et ceci tout en stimulant des aptitudes telles que l&#8217;esprit entrepreneurial, la cr\u00e9ativit\u00e9, le rapport \u00e0 l&#8217;art et \u00e0 la culture, etc.<\/li>\n<\/ul>\n<p>&nbsp;<\/p>\n<p><img loading=\"lazy\" decoding=\"async\" class=\"alignnone\" title=\"ID CAMP\" src=\"http:\/\/www.cocreationcamp.com\/data\/IDCAMPbottom.jpg\" alt=\"\" width=\"1026\" height=\"764\" \/><\/p>\n","protected":false},"excerpt":{"rendered":"<p>Le coCreationcamp Creative Wallonia est une journ\u00e9e mise en oeuvre dans le cadre de ID CAMP. Les inscriptions au coCreationcamp du 14 nov. 2012 se font via le site web de ID CAMPUS. Dans la foul\u00e9e de l&#8217;Ecole d&#8217;Automne en &hellip;<\/p>\n<p class=\"read-more\"> <a class=\"more-link\" href=\"https:\/\/www.cocreationcamp.com\/cocreation\/ccc\/2012-ccc\/creative-wallonia\/id-camp\/\"> <span class=\"screen-reader-text\">ID CAMP<\/span> Read More &raquo;<\/a><\/p>\n","protected":false},"author":1,"featured_media":0,"parent":402,"menu_order":1,"comment_status":"closed","ping_status":"closed","template":"","meta":{"footnotes":""},"class_list":["post-417","page","type-page","status-publish","hentry"],"_links":{"self":[{"href":"https:\/\/www.cocreationcamp.com\/cocreation\/wp-json\/wp\/v2\/pages\/417","targetHints":{"allow":["GET"]}}],"collection":[{"href":"https:\/\/www.cocreationcamp.com\/cocreation\/wp-json\/wp\/v2\/pages"}],"about":[{"href":"https:\/\/www.cocreationcamp.com\/cocreation\/wp-json\/wp\/v2\/types\/page"}],"author":[{"embeddable":true,"href":"https:\/\/www.cocreationcamp.com\/cocreation\/wp-json\/wp\/v2\/users\/1"}],"replies":[{"embeddable":true,"href":"https:\/\/www.cocreationcamp.com\/cocreation\/wp-json\/wp\/v2\/comments?post=417"}],"version-history":[{"count":0,"href":"https:\/\/www.cocreationcamp.com\/cocreation\/wp-json\/wp\/v2\/pages\/417\/revisions"}],"up":[{"embeddable":true,"href":"https:\/\/www.cocreationcamp.com\/cocreation\/wp-json\/wp\/v2\/pages\/402"}],"wp:attachment":[{"href":"https:\/\/www.cocreationcamp.com\/cocreation\/wp-json\/wp\/v2\/media?parent=417"}],"curies":[{"name":"wp","href":"https:\/\/api.w.org\/{rel}","templated":true}]}}