{"id":423,"date":"2012-10-30T14:04:13","date_gmt":"2012-10-30T14:04:13","guid":{"rendered":"http:\/\/www.cocreationcamp.com\/cocreation\/?page_id=423"},"modified":"2012-10-30T14:04:13","modified_gmt":"2012-10-30T14:04:13","slug":"contributions","status":"publish","type":"page","link":"https:\/\/www.cocreationcamp.com\/cocreation\/ccc\/2012-ccc\/creative-wallonia\/contributions\/","title":{"rendered":"Contributions"},"content":{"rendered":"<p><strong>Laurent Simon<\/strong><\/p>\n<p>Laurent SIMON est professeur en management \u00e0 HEC Montr\u00e9al. Ses recherches portent sur le management de la cr\u00e9ation dans la soci\u00e9t\u00e9 de l\u2019innovation : leadership pour les \u00e9quipes cr\u00e9atives, management des projets et processus cr\u00e9atifs, \u00e9conomie cr\u00e9ative et d\u00e9veloppement des territoires&#8230; Avec Patrick COHENDET, ils supervisent le groupe\u00a0<a href=\"http:\/\/mosaic.hec.ca\/\" target=\"_blank\">MosaiC<\/a>, une plateforme de recherche partenariale d\u00e9di\u00e9e \u00e0 l\u2019\u00e9tude de l\u2019\u00e9conomie cr\u00e9ative et du management de la cr\u00e9ation. Ils ont fond\u00e9 et co-animent l\u2019<a href=\"http:\/\/ecole-ete.hec.ca\/\" target=\"_blank\">\u00c9cole d\u2019\u00e9t\u00e9 en management de la cr\u00e9ation<\/a>, Montr\u00e9al-Barcelone.<\/p>\n<p>&nbsp;<\/p>\n<p><strong>Sang Hoon Degeimbre<\/strong><br \/>\nL&#8217;Air du Temps<\/p>\n<p>Passionn\u00e9 de cuisine d\u00e8s son enfance, Sang Hoon Degeimbre est pass\u00e9 de ma\u00eetre sommelier ( La Truffe Noire, Petit Versailles, La Salicorne, L\u2019Eau Vive) \u00e0 L&#8217;Air du Temps qu&#8217;il a lanc\u00e9 en 1997. M\u00ealant des ingr\u00e9dients locaux \u00e0 de l&#8217;innovation culinaire, il s&#8217;est vu d\u00e9cern\u00e9 deux \u00e9toiles Michelin et aujourd&#8217;hui travaille au mariage des palettes belge et cor\u00e9enne (son pays d&#8217;origine).<\/p>\n<p><strong>Hans V\u00e4lim\u00e4ki<\/strong><br \/>\nChez Dominique<\/p>\n<p>De vocation culinaire (d\u00e8s l&#8217;\u00e2ge de 16 ans) \u00e0 pr\u00e9sentateur de Top Chef en Finlande, Hans V\u00e4lim\u00e4ki a parcouru les \u00e9tapes gastronomiques pour d\u00e9crocher deux \u00e9toiles Michelin (le seul en Finlande !) et s&#8217;est vu maintes fois s\u00e9lectionn\u00e9 dans le top 50 San Pellegrino.<\/p>\n<p><strong>Ron Gentile<\/strong><br \/>\nChez Dominique<\/p>\n<p>Un Californien en Finlande, bras droit gastronomique de V\u00e4lim\u00e4ki depuis quelques ann\u00e9es, Ron Gentile est pass\u00e9 par la Napa Valley, San Francisco, Kyoto, Sydney, Barcelone, &#8230; explorant des gastronomies diverses, toujours li\u00e9es aux \u00e9toiles Michelin de restaurants de renom.<\/p>\n<p><strong>Donato Ricci<\/strong><br \/>\nScience Po m\u00e9dialab Paris &#8211; AIME platform (dir. Bruno Latour)<\/p>\n<p>Designer industriel et PhD en communication multimedia de Politecnico di Milano, Donato Ricci a travaill\u00e9 sur sa th\u00e8se \u201cSeeing what they are saying: Diagrams for social complexity and controversies\u201d. Il est aujourd&#8217;hui chercheur associ\u00e9 dans AIME, dirig\u00e9 par Bruno Latour, An Inquiry into Modes of Existence, au m\u00e9dialab de Sciences Po Paris.<\/p>\n<p><strong>Alok Nandi<\/strong><br \/>\nArchitempo \/ coCreationcamp<\/p>\n<p>Ing\u00e9nieur civil et licenci\u00e9 en philosophie et lettres, Alok Nandi explore les modalit\u00e9s de narration entre espaces et technologies. Il a \u00e9t\u00e9 directeur de cr\u00e9ation pour les \u00e9ditions Casterman et Flammarion et a travaill\u00e9 sur les univers BD de Pratt, Tardi, Moebius, Geluck, Schuiten, Peeters. Actif en design strat\u00e9gique et d&#8217;interactions, il a lanc\u00e9 PechaKucha Brussels et coCreationcamp, explorant innovations et cr\u00e9ativit\u00e9s, outre des sc\u00e9nographies via son label design Architempo.<\/p>\n","protected":false},"excerpt":{"rendered":"<p>Laurent Simon Laurent SIMON est professeur en management \u00e0 HEC Montr\u00e9al. Ses recherches portent sur le management de la cr\u00e9ation dans la soci\u00e9t\u00e9 de l\u2019innovation : leadership pour les \u00e9quipes cr\u00e9atives, management des projets et processus cr\u00e9atifs, \u00e9conomie cr\u00e9ative et &hellip;<\/p>\n<p class=\"read-more\"> <a class=\"more-link\" href=\"https:\/\/www.cocreationcamp.com\/cocreation\/ccc\/2012-ccc\/creative-wallonia\/contributions\/\"> <span class=\"screen-reader-text\">Contributions<\/span> Read More &raquo;<\/a><\/p>\n","protected":false},"author":1,"featured_media":0,"parent":402,"menu_order":9,"comment_status":"closed","ping_status":"closed","template":"","meta":{"footnotes":""},"class_list":["post-423","page","type-page","status-publish","hentry"],"_links":{"self":[{"href":"https:\/\/www.cocreationcamp.com\/cocreation\/wp-json\/wp\/v2\/pages\/423","targetHints":{"allow":["GET"]}}],"collection":[{"href":"https:\/\/www.cocreationcamp.com\/cocreation\/wp-json\/wp\/v2\/pages"}],"about":[{"href":"https:\/\/www.cocreationcamp.com\/cocreation\/wp-json\/wp\/v2\/types\/page"}],"author":[{"embeddable":true,"href":"https:\/\/www.cocreationcamp.com\/cocreation\/wp-json\/wp\/v2\/users\/1"}],"replies":[{"embeddable":true,"href":"https:\/\/www.cocreationcamp.com\/cocreation\/wp-json\/wp\/v2\/comments?post=423"}],"version-history":[{"count":0,"href":"https:\/\/www.cocreationcamp.com\/cocreation\/wp-json\/wp\/v2\/pages\/423\/revisions"}],"up":[{"embeddable":true,"href":"https:\/\/www.cocreationcamp.com\/cocreation\/wp-json\/wp\/v2\/pages\/402"}],"wp:attachment":[{"href":"https:\/\/www.cocreationcamp.com\/cocreation\/wp-json\/wp\/v2\/media?parent=423"}],"curies":[{"name":"wp","href":"https:\/\/api.w.org\/{rel}","templated":true}]}}