{"id":755,"date":"2022-11-14T11:28:15","date_gmt":"2022-11-14T11:28:15","guid":{"rendered":"https:\/\/www.cocreationcamp.com\/cocreation\/?page_id=755"},"modified":"2022-11-18T08:54:57","modified_gmt":"2022-11-18T08:54:57","slug":"meet-up-food-transition-20221129","status":"publish","type":"page","link":"https:\/\/www.cocreationcamp.com\/cocreation\/ccc\/2022-ccc\/food-transition\/meet-up-food-transition-20221129\/","title":{"rendered":"Meet-up Food Transition 20221129"},"content":{"rendered":"\n<p><strong>Meet Up Food Transition 29.11.2022 | e-Farmz x Free pour Entreprendre<\/strong><br>e-Farmz x Free pour Entreprendre vous invitent \u00e0 rencontrer des entrepreneurs sur le th\u00e8me de #durabilit\u00e9 #circuits courts<\/p>\n\n\n\n<p>e-Farmz et Free pour Entreprendre sont ravis de vous inviter au Meet Up &#8220;Food Transition&#8221; le mardi 29 Novembre \u00e0 Bruxelles &#x1f642;&#x1f33f;&#x1f680; &#8211; *<em>**lien pour s&#8217;enregistrer en bas de page***<\/em><\/p>\n\n\n\n<p>3 acteurs inspirants de la transition alimentaire, CEO, entrepreneur ou expert, partageront leur exp\u00e9rience sur les th\u00e8mes de l&#8217;alimentation durable, nouveaux modes de consommation et circuits courts, suivis des pitchs de porteurs de projets. La soir\u00e9e se terminera par un moment de r\u00e9seautage et de visite de l&#8217;atelier.<br>1 C\u00e9cile Fontaine, Wagralim<br>2 Fred Dorsimont, Behaven<br>3 Fran\u00e7ois Jegou, Strategic Design Scenarios<\/p>\n\n\n\n<figure class=\"wp-block-image size-large\"><a href=\"https:\/\/www.cocreationcamp.com\/cocreation\/wp-content\/uploads\/2022\/11\/Meet-up-221129b.png\"><img loading=\"lazy\" decoding=\"async\" width=\"1024\" height=\"1024\" src=\"https:\/\/www.cocreationcamp.com\/cocreation\/wp-content\/uploads\/2022\/11\/Meet-up-221129b-1024x1024.png\" alt=\"\" class=\"wp-image-773\" srcset=\"https:\/\/www.cocreationcamp.com\/cocreation\/wp-content\/uploads\/2022\/11\/Meet-up-221129b-1024x1024.png 1024w, https:\/\/www.cocreationcamp.com\/cocreation\/wp-content\/uploads\/2022\/11\/Meet-up-221129b-300x300.png 300w, https:\/\/www.cocreationcamp.com\/cocreation\/wp-content\/uploads\/2022\/11\/Meet-up-221129b-150x150.png 150w, https:\/\/www.cocreationcamp.com\/cocreation\/wp-content\/uploads\/2022\/11\/Meet-up-221129b-768x768.png 768w, https:\/\/www.cocreationcamp.com\/cocreation\/wp-content\/uploads\/2022\/11\/Meet-up-221129b-100x100.png 100w, https:\/\/www.cocreationcamp.com\/cocreation\/wp-content\/uploads\/2022\/11\/Meet-up-221129b-200x200.png 200w, https:\/\/www.cocreationcamp.com\/cocreation\/wp-content\/uploads\/2022\/11\/Meet-up-221129b-450x450.png 450w, https:\/\/www.cocreationcamp.com\/cocreation\/wp-content\/uploads\/2022\/11\/Meet-up-221129b-600x600.png 600w, https:\/\/www.cocreationcamp.com\/cocreation\/wp-content\/uploads\/2022\/11\/Meet-up-221129b-900x900.png 900w, https:\/\/www.cocreationcamp.com\/cocreation\/wp-content\/uploads\/2022\/11\/Meet-up-221129b.png 1200w\" sizes=\"auto, (max-width: 1024px) 100vw, 1024px\" \/><\/a><\/figure>\n\n\n\n<p>&#x1f539;&#x1f539;&#x1f539;<br>Pour qui ?<br>Que vous portiez un projet d\u2019entreprise dans l\u2019alimentaire ou le d\u00e9veloppement durable, que vous cherchiez \u00e0 d\u00e9couvrir des startups innovantes ou \u00e0 r\u00e9seauter avec des professionnels qui partagent leur vision, cet \u00e9v\u00e9nement est pour vous !<\/p>\n\n\n\n<p>Programme<br>\u2022 18h00 : Accueil<br>\u2022 18h15 : T\u00e9moignages d&#8217;entrepreneurs et pitchs &#x1f3a4;<br>\u2022 19h00-20h00 : Networking libre et visite<br>\u2022 20h00 : Cl\u00f4ture<\/p>\n\n\n\n<p>Date : mardi 29 novembre 2022<br>Adresse : e-Farmz, boulevard industriel 135 &#8211; 1070 Anderlecht<br>Rejoignez notre communaut\u00e9 via Linkedin https:\/\/www.linkedin.com\/company\/free-pour-entreprendre\/<\/p>\n\n\n\n<ul class=\"wp-block-list\">\n<li>R\u00c9SERVATION OBLIGATOIRE. Merci de nous informer en cas d\u2019annulation (places limit\u00e9es) *<\/li>\n<\/ul>\n\n\n\n<p>&#x1f539;&#x1f539;&#x1f539;<\/p>\n\n\n\n<p>Le concept des Meet Up de Free pour Entreprendre<br>\u2022 Rencontres trimestrielles entre acteurs de la transition alimentaire<br>\u2022 Des entrepreneurs pitchent et \u00e9changent avec des experts sur une th\u00e9matique choisie<br>\u2022 Partage de r\u00e9seaux<br>\u2022 Gratuit, ouvert aux entre\/intra-preneurs<br>\u2022 Possibilit\u00e9 de pr\u00e9senter votre entreprise et votre projet sur sc\u00e8ne<\/p>\n\n\n\n<p>&#x1f539;&#x1f539;&#x1f539;<\/p>\n\n\n\n<p>\u00c0 propos des organisateurs<br>Free pour Entreprendre est un r\u00e9seau d\u2019incubateurs-\u00e9tudiants belges qui inspire, stimule et connecte l\u2019\u00e9cosyst\u00e8me entrepreneurial des jeunes sur des th\u00e9matiques de transition \u00e9conomique &#8211; en savoir plus sur www.freepourentreprendre.be<br>eFarmz est un e-shop belge qui livre des produits bio, locaux et de saison directement aux consommateurs. De la box repas aux paniers de fruits et de l\u00e9gumes bio en passant par une large gamme de produits de cr\u00e8merie, boulangerie, boucherie, traiteur\u2026 Travaillant en direct avec 100 producteurs belges qui suivent le rythme de la nature et des saisons, eFarmz commande les produits juste avant leur livraison. La garantie d\u2019un circuit ultra-court et de produits ultra-frais\u2026 tout ce qu\u2019il faut pour une alimentation d\u00e9licieuse, saine et durable ! &#8211; en savoir plus sur https:\/\/www.efarmz.be\/fr\/comment-ca-marche<\/p>\n\n\n\n<p>Un \u00e9v\u00e9nement organis\u00e9 par Free pour Entreprendre et e-Farmz en partenariat avec StartLab.Brussels, Venture Lab , Start.Lab ICHEC, Yncubator et Architempo.<\/p>\n\n\n\n<p><a href=\"https:\/\/www.eventbrite.be\/e\/billets-meet-up-food-transition-29112022-e-farmz-x-free-pour-entreprendre-415835293557?aff=ebdsoporgprofile\">https:\/\/www.eventbrite.be\/e\/billets-meet-up-food-transition-29112022-e-farmz-x-free-pour-entreprendre-415835293557?aff=ebdsoporgprofile<\/a><\/p>\n","protected":false},"excerpt":{"rendered":"<p>Meet Up Food Transition 29.11.2022 | e-Farmz x Free pour Entreprendree-Farmz x Free pour Entreprendre vous invitent \u00e0 rencontrer des entrepreneurs sur le th\u00e8me de #durabilit\u00e9 #circuits courts e-Farmz et Free pour Entreprendre sont ravis de vous inviter au Meet &hellip;<\/p>\n<p class=\"read-more\"> <a class=\"more-link\" href=\"https:\/\/www.cocreationcamp.com\/cocreation\/ccc\/2022-ccc\/food-transition\/meet-up-food-transition-20221129\/\"> <span class=\"screen-reader-text\">Meet-up Food Transition 20221129<\/span> Read More &raquo;<\/a><\/p>\n","protected":false},"author":2,"featured_media":0,"parent":683,"menu_order":0,"comment_status":"closed","ping_status":"closed","template":"","meta":{"footnotes":""},"class_list":["post-755","page","type-page","status-publish","hentry"],"_links":{"self":[{"href":"https:\/\/www.cocreationcamp.com\/cocreation\/wp-json\/wp\/v2\/pages\/755","targetHints":{"allow":["GET"]}}],"collection":[{"href":"https:\/\/www.cocreationcamp.com\/cocreation\/wp-json\/wp\/v2\/pages"}],"about":[{"href":"https:\/\/www.cocreationcamp.com\/cocreation\/wp-json\/wp\/v2\/types\/page"}],"author":[{"embeddable":true,"href":"https:\/\/www.cocreationcamp.com\/cocreation\/wp-json\/wp\/v2\/users\/2"}],"replies":[{"embeddable":true,"href":"https:\/\/www.cocreationcamp.com\/cocreation\/wp-json\/wp\/v2\/comments?post=755"}],"version-history":[{"count":4,"href":"https:\/\/www.cocreationcamp.com\/cocreation\/wp-json\/wp\/v2\/pages\/755\/revisions"}],"predecessor-version":[{"id":819,"href":"https:\/\/www.cocreationcamp.com\/cocreation\/wp-json\/wp\/v2\/pages\/755\/revisions\/819"}],"up":[{"embeddable":true,"href":"https:\/\/www.cocreationcamp.com\/cocreation\/wp-json\/wp\/v2\/pages\/683"}],"wp:attachment":[{"href":"https:\/\/www.cocreationcamp.com\/cocreation\/wp-json\/wp\/v2\/media?parent=755"}],"curies":[{"name":"wp","href":"https:\/\/api.w.org\/{rel}","templated":true}]}}